{"id":30,"date":"2025-01-31T08:02:13","date_gmt":"2025-01-31T14:02:13","guid":{"rendered":"https:\/\/latam.artereciclada.com.br\/?page_id=30"},"modified":"2025-02-18T10:47:08","modified_gmt":"2025-02-18T16:47:08","slug":"politica-de-cookies","status":"publish","type":"page","link":"https:\/\/latam.artereciclada.com.br\/de\/politica-de-cookies\/","title":{"rendered":"Pol\u00edtica de Cookies"},"content":{"rendered":"<div class=\"cookie-policy\">\n    \n    <p>\u00a1Bienvenido a <strong>Latam Arte<\/strong>! Esta Pol\u00edtica de Cookies describe c\u00f3mo <strong>Latam Arte<\/strong> (\u00abnosotros\u00bb, \u00abnuestro\u00bb o \u00abcon nosotros\u00bb) utiliza cookies y tecnolog\u00edas similares en el sitio <a href=\"https:\/\/latam.artereciclada.com.br\/de\/\">www.latam.artereciclada.com.br<\/a> (en adelante, el \u00abSitio\u00bb). Estamos comprometidos a proteger su privacidad y garantizar la transparencia sobre el uso de cookies, de acuerdo con la Ley General de Protecci\u00f3n de Datos (LGPD &#8211; Ley N\u00ba 13.709\/2018).<\/p>\n    \n    <h2>1. \u00bfQu\u00e9 son las Cookies?<\/h2>\n    <p>Las cookies son peque\u00f1os archivos de texto que se almacenan en su dispositivo (computadora, tablet o smartphone) cuando visita un sitio web. Se utilizan ampliamente para que los sitios funcionen de manera m\u00e1s eficiente, adem\u00e1s de proporcionar informaci\u00f3n a los propietarios del sitio.<\/p>\n    \n    <h2>2. C\u00f3mo Utilizamos las Cookies<\/h2>\n    <p>Utilizamos cookies para diversos fines, entre ellos:<\/p>\n    <ul>\n        <li><strong>Autenticaci\u00f3n y Seguridad<\/strong>: Garantizar que tenga acceso seguro al Sitio y a sus funciones.<\/li>\n        <li><strong>An\u00e1lisis y Mejora<\/strong>: Comprender c\u00f3mo interact\u00faan los usuarios con el Sitio para mejorar su usabilidad y contenido.<\/li>\n        <li><strong>Personalizaci\u00f3n<\/strong>: Adaptar el contenido y las ofertas de acuerdo con sus preferencias y comportamientos de navegaci\u00f3n.<\/li>\n        <li><strong>Publicidad<\/strong>: Mostrar anuncios relevantes y personalizados, adem\u00e1s de medir la eficacia de las campa\u00f1as publicitarias.<\/li>\n    <\/ul>\n    \n    <h2>3. Tipos de Cookies Utilizadas<\/h2>\n    \n    <h3>3.1 Cookies Esenciales<\/h3>\n    <p>Estas cookies son necesarias para el funcionamiento b\u00e1sico del Sitio. Permiten la navegaci\u00f3n por el Sitio y el uso de sus funciones, como el acceso a \u00e1reas seguras. Sin estas cookies, algunos servicios ofrecidos en el Sitio no pueden prestarse.<\/p>\n    <strong>Ejemplos de Uso:<\/strong>\n    <ul>\n        <li>Mantener su sesi\u00f3n iniciada.<\/li>\n        <li>Recordar sus preferencias de idioma.<\/li>\n    <\/ul>\n    \n    <h3>3.2 Cookies de Rendimiento<\/h3>\n    <p>Las cookies de rendimiento recopilan informaci\u00f3n sobre c\u00f3mo utiliza el Sitio, como las p\u00e1ginas que visita con mayor frecuencia y si recibe mensajes de error en las p\u00e1ginas. Estas cookies no recopilan informaci\u00f3n que identifique a un visitante. Toda la informaci\u00f3n recopilada se agrega y, por lo tanto, es an\u00f3nima. Se utiliza \u00fanicamente para mejorar el funcionamiento del Sitio.<\/p>\n    <strong>Ejemplos de Uso:<\/strong>\n    <ul>\n        <li>Analizar el tr\u00e1fico del Sitio.<\/li>\n        <li>Identificar \u00e1reas del Sitio que requieren mejoras.<\/li>\n    <\/ul>\n    \n    <h3>3.3 Cookies de Funcionalidad<\/h3>\n    <p>Estas cookies permiten que el Sitio recuerde las elecciones que usted realiza (como su nombre de usuario, idioma o la regi\u00f3n en la que se encuentra) y proporcionan funciones mejoradas y m\u00e1s personalizadas. Esta informaci\u00f3n puede utilizarse para recordar sus preferencias en futuras visitas al Sitio.<\/p>\n    <strong>Ejemplos de Uso:<\/strong>\n    <ul>\n        <li>Guardar sus preferencias de visualizaci\u00f3n.<\/li>\n        <li>Personalizar el contenido mostrado en base a sus elecciones previas.<\/li>\n    <\/ul>\n    \n    <h3>3.4 Cookies de Publicidad<\/h3>\n    <p>Las cookies de publicidad se utilizan para ofrecerle anuncios m\u00e1s relevantes y acordes a sus intereses. Tambi\u00e9n se utilizan para limitar la cantidad de veces que se muestra un anuncio y para ayudar a medir la eficacia de las campa\u00f1as publicitarias.<\/p>\n    <strong>Ejemplos de Uso:<\/strong>\n    <ul>\n        <li>Mostrar anuncios basados en sus intereses.<\/li>\n        <li>Controlar la frecuencia con la que se le muestra un anuncio espec\u00edfico.<\/li>\n    <\/ul>\n    \n    <h2>4. C\u00f3mo Utilizamos las Cookies<\/h2>\n    <ul>\n        <li><strong>Autenticaci\u00f3n y Seguridad<\/strong>: Garantizar que tenga acceso seguro al Sitio y a sus funciones.<\/li>\n        <li><strong>An\u00e1lisis y Mejora<\/strong>: Comprender c\u00f3mo interact\u00faan los usuarios con el Sitio para mejorar su usabilidad y contenido.<\/li>\n        <li><strong>Personalizaci\u00f3n<\/strong>: Adaptar el contenido y las ofertas de acuerdo con sus preferencias y comportamientos de navegaci\u00f3n.<\/li>\n        <li><strong>Publicidad<\/strong>: Mostrar anuncios relevantes y personalizados, adem\u00e1s de medir la eficacia de las campa\u00f1as publicitarias.<\/li>\n    <\/ul>\n    \n    <h2>5. Gesti\u00f3n de Cookies<\/h2>\n    <p>Los usuarios tienen la libertad de bloquear o desactivar las cookies de cualquier sitio web, incluido el nuestro, en cualquier momento ajustando la configuraci\u00f3n de su navegador de internet.<\/p>\n    \n    <h3>5.1 C\u00f3mo Bloquear las Cookies<\/h3>\n    <p>A continuaci\u00f3n, se muestran enlaces a las gu\u00edas de ayuda de los principales navegadores, que pueden asistirle en este procedimiento:<\/p>\n    <ul>\n        <li><strong><a href=\"https:\/\/support.microsoft.com\/en-us\/microsoft-edge\/delete-cookies-in-microsoft-edge-63947406-40ac-c3b8-57b9-2a946a29ae09\" target=\"_blank\" rel=\"noopener\">Microsoft Edge<\/a><\/strong><\/li>\n        <li><strong><a href=\"https:\/\/support.mozilla.org\/en-US\/kb\/enable-and-disable-cookies-website-preferences\" target=\"_blank\" rel=\"noopener\">Mozilla Firefox<\/a><\/strong><\/li>\n        <li><strong><a href=\"https:\/\/support.google.com\/chrome\/answer\/95647?hl=en\" target=\"_blank\" rel=\"noopener\">Google Chrome<\/a><\/strong><\/li>\n        <li><strong><a href=\"https:\/\/help.opera.com\/en\/latest\/web-preferences\/#cookies\" target=\"_blank\" rel=\"noopener\">Opera<\/a><\/strong><\/li>\n        <li><strong><a href=\"https:\/\/support.apple.com\/guide\/safari\/manage-cookies-and-website-data-sfri11471\/mac\" target=\"_blank\" rel=\"noopener\">Safari<\/a><\/strong><\/li>\n    <\/ul>\n    \n    <h3>5.2 Desactivar la Publicidad Personalizada<\/h3>\n    <p>Si desea desactivar los anuncios personalizados proporcionados por Google, puede cambiar su configuraci\u00f3n en <a href=\"https:\/\/adssettings.google.com\/authenticated\" target=\"_blank\" rel=\"noopener\">Configuraci\u00f3n de Anuncios de Google<\/a>.<\/p>\n    <p>Para desactivar la publicidad personalizada de terceros, visite <a href=\"https:\/\/www.aboutads.info\" target=\"_blank\" rel=\"noopener\">www.aboutads.info<\/a>, donde encontrar\u00e1 informaci\u00f3n sobre c\u00f3mo gestionar sus preferencias de anuncios en diferentes plataformas.<\/p>\n    \n    <strong>Pasos para Desactivar Anuncios Personalizados:<\/strong>\n    <ol>\n        <li><strong>En Google:<\/strong>\n            <ul>\n                <li>Acceda a <a href=\"https:\/\/adssettings.google.com\/authenticated\" target=\"_blank\" rel=\"noopener\">Configuraci\u00f3n de Anuncios de Google<\/a>.<\/li>\n                <li>Desactive la opci\u00f3n \u00abPersonalizaci\u00f3n de anuncios\u00bb.<\/li>\n            <\/ul>\n        <\/li>\n        <li><strong>Con Terceros:<\/strong>\n            <ul>\n                <li>Visite <a href=\"https:\/\/www.aboutads.info\" target=\"_blank\" rel=\"noopener\">www.aboutads.info<\/a>.<\/li>\n                <li>Siga las instrucciones para gestionar sus preferencias de anuncios en diversas plataformas y dispositivos.<\/li>\n            <\/ul>\n        <\/li>\n    <\/ol>\n    \n    <h2>6. Consentimiento<\/h2>\n    <p>Al utilizar nuestro Sitio, usted acepta el uso de cookies seg\u00fan lo descrito en esta Pol\u00edtica de Cookies. Si no est\u00e1 de acuerdo con el uso de ciertos tipos de cookies, puede ajustar su configuraci\u00f3n de cookies seg\u00fan las instrucciones proporcionadas anteriormente. Sin embargo, tenga en cuenta que desactivar algunas cookies puede afectar su experiencia en el Sitio y limitar el acceso a ciertas funciones.<\/p>\n    \n    <h2>7. Actualizaciones de la Pol\u00edtica de Cookies<\/h2>\n    <p>Podemos actualizar esta Pol\u00edtica de Cookies de vez en cuando para reflejar cambios en nuestras pr\u00e1cticas o por motivos legales. Cuando realicemos cambios, actualizaremos la fecha de \u00ab\u00daltima Actualizaci\u00f3n\u00bb al final de esta pol\u00edtica y publicaremos la versi\u00f3n revisada en el Sitio. Le recomendamos que revise esta Pol\u00edtica de Cookies peri\u00f3dicamente para mantenerse informado sobre c\u00f3mo utilizamos las cookies.<\/p>\n    \n    <h2>8. Servicios de Terceros<\/h2>\n    <p>Podemos utilizar servicios de terceros para proporcionar funcionalidades adicionales al Sitio, como el procesamiento de pagos, an\u00e1lisis de datos y hospedaje de contenido. Estos terceros pueden tener acceso a su informaci\u00f3n personal \u00fanicamente para realizar estas tareas en nuestro nombre y est\u00e1n obligados a proteger dicha informaci\u00f3n de acuerdo con esta Pol\u00edtica de Privacidad y la LGPD.<\/p>\n    \n    <h2>9. Privacidad Infantil<\/h2>\n    <p>El Sitio no est\u00e1 destinado a ni\u00f1os menores de 18 a\u00f1os. No recopilamos conscientemente informaci\u00f3n personal de ni\u00f1os. Si llegamos a saber que hemos recopilado inadvertidamente informaci\u00f3n personal de un ni\u00f1o, tomaremos medidas para eliminar dicha informaci\u00f3n de inmediato.<\/p>\n    \n    <h2>10. Contacto<\/h2>\n    <p>Si tiene alguna pregunta sobre esta Pol\u00edtica de Cookies, por favor cont\u00e1ctenos al correo <a href=\"mailto:contato@artereciclada.com.br\">contato@artereciclada.com.br<\/a>.<\/p>\n    \n    <hr>\n    \n    <p class=\"last-updated\">\u00daltima actualizaci\u00f3n: 19 de noviembre de 2024<\/p>\n<\/div>\n\n\n\n\n<p><\/p>","protected":false},"excerpt":{"rendered":"<p>\u00a1Bienvenido a Latam Arte! Esta Pol\u00edtica de Cookies describe c\u00f3mo Latam Arte (\u00abnosotros\u00bb, \u00abnuestro\u00bb o \u00abcon nosotros\u00bb) utiliza cookies y tecnolog\u00edas similares en el sitio www.latam.artereciclada.com.br (en adelante, el \u00abSitio\u00bb). Estamos comprometidos a proteger su privacidad y garantizar la transparencia sobre el uso de cookies, de acuerdo con la Ley General de Protecci\u00f3n de Datos [&hellip;]<\/p>","protected":false},"author":1,"featured_media":0,"parent":0,"menu_order":0,"comment_status":"closed","ping_status":"closed","template":"","meta":{"footnotes":""},"class_list":["post-30","page","type-page","status-publish","hentry"],"blocksy_meta":[],"_links":{"self":[{"href":"https:\/\/latam.artereciclada.com.br\/de\/wp-json\/wp\/v2\/pages\/30","targetHints":{"allow":["GET"]}}],"collection":[{"href":"https:\/\/latam.artereciclada.com.br\/de\/wp-json\/wp\/v2\/pages"}],"about":[{"href":"https:\/\/latam.artereciclada.com.br\/de\/wp-json\/wp\/v2\/types\/page"}],"author":[{"embeddable":true,"href":"https:\/\/latam.artereciclada.com.br\/de\/wp-json\/wp\/v2\/users\/1"}],"replies":[{"embeddable":true,"href":"https:\/\/latam.artereciclada.com.br\/de\/wp-json\/wp\/v2\/comments?post=30"}],"version-history":[{"count":3,"href":"https:\/\/latam.artereciclada.com.br\/de\/wp-json\/wp\/v2\/pages\/30\/revisions"}],"predecessor-version":[{"id":72,"href":"https:\/\/latam.artereciclada.com.br\/de\/wp-json\/wp\/v2\/pages\/30\/revisions\/72"}],"wp:attachment":[{"href":"https:\/\/latam.artereciclada.com.br\/de\/wp-json\/wp\/v2\/media?parent=30"}],"curies":[{"name":"wp","href":"https:\/\/api.w.org\/{rel}","templated":true}]}}