{"id":28,"date":"2025-01-31T07:59:31","date_gmt":"2025-01-31T13:59:31","guid":{"rendered":"https:\/\/latam.artereciclada.com.br\/?page_id=28"},"modified":"2025-02-18T10:51:44","modified_gmt":"2025-02-18T16:51:44","slug":"contacto","status":"publish","type":"page","link":"https:\/\/latam.artereciclada.com.br\/it\/contacto\/","title":{"rendered":"Contacto"},"content":{"rendered":"<p>Hell\u00a1Hola! \ud83d\ude0a \u00bfNecesitas ponerte en contacto con nosotros? Estamos aqu\u00ed para ayudar. Cont\u00e1ctanos a trav\u00e9s de nuestros canales:<\/p>\n\n\n\n<p>Correo electr\u00f3nico: <a>contacto@artereciclada.com.br<\/a><\/p>\n\n\n\n<p>Horario de atenci\u00f3n: de lunes a viernes, de 8 AM a 5 PM.<\/p>\n\n\n\n<p>Env\u00edanos tu mensaje y te responderemos lo antes posible. \u00a1Juntos, podemos marcar la diferencia en el mundo del reciclaje! \ud83c\udf0d\u267b\ufe0f<\/p>","protected":false},"excerpt":{"rendered":"<p>Hell\u00a1Hola! \ud83d\ude0a \u00bfNecesitas ponerte en contacto con nosotros? Estamos aqu\u00ed para ayudar. Cont\u00e1ctanos a trav\u00e9s de nuestros canales: Correo electr\u00f3nico: contacto@artereciclada.com.br Horario de atenci\u00f3n: de lunes a viernes, de 8 AM a 5 PM. Env\u00edanos tu mensaje y te responderemos lo antes posible. \u00a1Juntos, podemos marcar la diferencia en el mundo del reciclaje! \ud83c\udf0d\u267b\ufe0f<\/p>","protected":false},"author":1,"featured_media":0,"parent":0,"menu_order":0,"comment_status":"closed","ping_status":"closed","template":"","meta":{"footnotes":""},"class_list":["post-28","page","type-page","status-publish","hentry"],"blocksy_meta":[],"_links":{"self":[{"href":"https:\/\/latam.artereciclada.com.br\/it\/wp-json\/wp\/v2\/pages\/28","targetHints":{"allow":["GET"]}}],"collection":[{"href":"https:\/\/latam.artereciclada.com.br\/it\/wp-json\/wp\/v2\/pages"}],"about":[{"href":"https:\/\/latam.artereciclada.com.br\/it\/wp-json\/wp\/v2\/types\/page"}],"author":[{"embeddable":true,"href":"https:\/\/latam.artereciclada.com.br\/it\/wp-json\/wp\/v2\/users\/1"}],"replies":[{"embeddable":true,"href":"https:\/\/latam.artereciclada.com.br\/it\/wp-json\/wp\/v2\/comments?post=28"}],"version-history":[{"count":4,"href":"https:\/\/latam.artereciclada.com.br\/it\/wp-json\/wp\/v2\/pages\/28\/revisions"}],"predecessor-version":[{"id":202,"href":"https:\/\/latam.artereciclada.com.br\/it\/wp-json\/wp\/v2\/pages\/28\/revisions\/202"}],"wp:attachment":[{"href":"https:\/\/latam.artereciclada.com.br\/it\/wp-json\/wp\/v2\/media?parent=28"}],"curies":[{"name":"wp","href":"https:\/\/api.w.org\/{rel}","templated":true}]}}